{"id":149,"date":"2021-10-18T03:37:12","date_gmt":"2021-10-18T03:37:12","guid":{"rendered":"https:\/\/chuoweb.com\/website\/?page_id=149"},"modified":"2022-09-23T02:47:25","modified_gmt":"2022-09-23T02:47:25","slug":"galeria-de-videos","status":"publish","type":"page","link":"https:\/\/chuoweb.com\/website\/galeria-de-videos\/","title":{"rendered":"Video Gallery"},"content":{"rendered":"<p>[et_pb_section fb_built=&#8221;1&#8243; _builder_version=&#8221;4.16&#8243; _module_preset=&#8221;default&#8221; background_color=&#8221;rgba(0,0,0,0.73)&#8221; global_colors_info=&#8221;{}&#8221;][et_pb_row _builder_version=&#8221;4.16&#8243; _module_preset=&#8221;default&#8221; global_colors_info=&#8221;{}&#8221;][et_pb_column type=&#8221;4_4&#8243; _builder_version=&#8221;4.16&#8243; _module_preset=&#8221;default&#8221; global_colors_info=&#8221;{}&#8221;][et_pb_text _builder_version=&#8221;4.16&#8243; _module_preset=&#8221;default&#8221; global_colors_info=&#8221;{}&#8221;]<\/p>\n<p><span style=\"color: #ffff00;\">Quiero aclarar que estoy seguro que cuando ustedes escuchan mis comentarios aparentan de que empec\u00e9 en la radio hace una semana o dos :-). La realidad es que estoy en la radio afici\u00f3n desde muy temprana edad. Por lo tanto cuando pongo por ejemplo que este es mi contacto con Puerto Rico por primera vez, lo que quiero decir es que es mi primer contacto despu\u00e9s de estar ausente por mas de 25 a\u00f1os en las bandas de HF. Mi alegr\u00eda viene de tomar la decision de volver a HF y a la verdad que no me arrepiento de la decision. Cuando me escuchen en la radio de men una llamadita para tener la oportunidad de saludarlos. Disfruten los videos y regresen para ver mas de ellos.\u00a0<\/span><\/p>\n<p>[\/et_pb_text][\/et_pb_column][\/et_pb_row][et_pb_row column_structure=&#8221;1_3,1_3,1_3&#8243; _builder_version=&#8221;4.16&#8243; _module_preset=&#8221;default&#8221; global_colors_info=&#8221;{}&#8221;][et_pb_column type=&#8221;1_3&#8243; _builder_version=&#8221;4.16&#8243; _module_preset=&#8221;default&#8221; global_colors_info=&#8221;{}&#8221;][et_pb_text _builder_version=&#8221;4.16&#8243; _module_preset=&#8221;default&#8221; custom_padding=&#8221;||25px|||&#8221; global_colors_info=&#8221;{}&#8221;]<\/p>\n<p>Quiero<\/p>\n<p>[\/et_pb_text][et_pb_video src=&#8221;https:\/\/youtu.be\/_QoJavoApvY&#8221; _builder_version=&#8221;4.16&#8243; _module_preset=&#8221;default&#8221; custom_margin=&#8221;-79px|||||&#8221; border_width_all=&#8221;8px&#8221; border_color_all=&#8221;#0C71C3&#8243; global_colors_info=&#8221;{}&#8221;][\/et_pb_video][et_pb_text _builder_version=&#8221;4.16&#8243; _module_preset=&#8221;default&#8221; global_colors_info=&#8221;{}&#8221;]<\/p>\n<p><span style=\"color: #ffff00;\">Para mi sorpresa el hacer este comunicado en 20 metros no me tomo mucho tiempo de darme cuenta donde yo pertenezco. Encontrarme con viejos amigos. Esto me dio tanta emoci\u00f3n y de esa forma motivarme y darme cuenta que la decisi\u00f3n de regresar al HF fue correcta.<\/span><\/p>\n<p>[\/et_pb_text][\/et_pb_column][et_pb_column type=&#8221;1_3&#8243; _builder_version=&#8221;4.16&#8243; _module_preset=&#8221;default&#8221; global_colors_info=&#8221;{}&#8221;][et_pb_video src=&#8221;https:\/\/youtu.be\/m358vKdd1fw&#8221; _builder_version=&#8221;4.16&#8243; _module_preset=&#8221;default&#8221; border_width_all=&#8221;8px&#8221; border_color_all=&#8221;#0C71C3&#8243; global_colors_info=&#8221;{}&#8221;][\/et_pb_video][et_pb_text _builder_version=&#8221;4.16&#8243; _module_preset=&#8221;default&#8221; global_colors_info=&#8221;{}&#8221;]<\/p>\n<p><span style=\"color: #ffff00;\">Mi primer comunicado con La Isla<span style=\"color: #ffff00;\"> de Puerto Rico<\/span> utilizando el Icom 7300. Que alegr\u00eda!!!<\/span><\/p>\n<p>[\/et_pb_text][\/et_pb_column][et_pb_column type=&#8221;1_3&#8243; _builder_version=&#8221;4.16&#8243; _module_preset=&#8221;default&#8221; global_colors_info=&#8221;{}&#8221;][et_pb_video src=&#8221;https:\/\/youtu.be\/a6UiSrauQGY&#8221; _builder_version=&#8221;4.16&#8243; _module_preset=&#8221;default&#8221; border_width_all=&#8221;7px&#8221; border_color_all=&#8221;#0C71C3&#8243; global_colors_info=&#8221;{}&#8221;][\/et_pb_video][et_pb_text _builder_version=&#8221;4.16&#8243; _module_preset=&#8221;default&#8221; global_colors_info=&#8221;{}&#8221;]<\/p>\n<p><span style=\"color: #ffff00;\">Fui invitado a participar en este QSO y fue una experiencia muy buena. Como pueden ver gracias a mi antenna se me hace dif\u00edcil algunas veces el completar mis QSO pues hay estaciones que no quieren perder la oportunidad de hacer contacto conmigo \ud83d\ude42<\/span><\/p>\n<p>[\/et_pb_text][\/et_pb_column][\/et_pb_row][\/et_pb_section][et_pb_section fb_built=&#8221;1&#8243; _builder_version=&#8221;4.16&#8243; _module_preset=&#8221;default&#8221; background_color=&#8221;rgba(0,0,0,0.73)&#8221; global_colors_info=&#8221;{}&#8221;][et_pb_row column_structure=&#8221;1_3,1_3,1_3&#8243; _builder_version=&#8221;4.16&#8243; _module_preset=&#8221;default&#8221; global_colors_info=&#8221;{}&#8221;][et_pb_column type=&#8221;1_3&#8243; _builder_version=&#8221;4.16&#8243; _module_preset=&#8221;default&#8221; global_colors_info=&#8221;{}&#8221;][et_pb_video src=&#8221;https:\/\/youtu.be\/ixrgfRyVL2k&#8221; _builder_version=&#8221;4.16&#8243; _module_preset=&#8221;default&#8221; border_width_all=&#8221;8px&#8221; border_color_all=&#8221;#0C71C3&#8243; global_colors_info=&#8221;{}&#8221;][\/et_pb_video][et_pb_text _builder_version=&#8221;4.16&#8243; _module_preset=&#8221;default&#8221; global_colors_info=&#8221;{}&#8221;]<\/p>\n<p><span style=\"color: #ffff00;\">En el video pueden ver lo que utilizo para recepci\u00f3n con el Icom 7300. Todo consiste de un Pre-amp de la marca Nooelec alimentado por un SDR de la marca SDRplay. Con esto puedo hacer mi TX via el 7300 y el RX via SDR. El video de la derecha pueden ver como lo utilizo.<\/span><\/p>\n<p>[\/et_pb_text][\/et_pb_column][et_pb_column type=&#8221;1_3&#8243; _builder_version=&#8221;4.16&#8243; _module_preset=&#8221;default&#8221; global_colors_info=&#8221;{}&#8221;][et_pb_video src=&#8221;https:\/\/youtu.be\/&#8211;a7fCx1kN0&#8243; _builder_version=&#8221;4.16&#8243; _module_preset=&#8221;default&#8221; border_width_all=&#8221;8px&#8221; border_color_all=&#8221;#0C71C3&#8243; global_colors_info=&#8221;{}&#8221;][\/et_pb_video][et_pb_text _builder_version=&#8221;4.16&#8243; _module_preset=&#8221;default&#8221; global_colors_info=&#8221;{}&#8221;]<\/p>\n<p><span style=\"color: #ffff00;\">Esto es lo que yo veo en mi computadora cuando estoy operando mi radio usando el programa SDRuno y el programa Omni-Rig. En video fue comunicaci\u00f3n con mi amigo WP3R (Angel) en Arecibo Puerto Rico. Este QSO fue uno de mis primero usando el SDRPlay. Esperen como hasta el 1:21 para ver mi primer PTT.<\/span><\/p>\n<p>[\/et_pb_text][\/et_pb_column][et_pb_column type=&#8221;1_3&#8243; _builder_version=&#8221;4.16&#8243; _module_preset=&#8221;default&#8221; global_colors_info=&#8221;{}&#8221;][et_pb_video src=&#8221;https:\/\/youtu.be\/sBO1iwPTkeI&#8221; _builder_version=&#8221;4.16&#8243; _module_preset=&#8221;default&#8221; border_width_all=&#8221;6px&#8221; border_color_all=&#8221;#0C71C3&#8243; global_colors_info=&#8221;{}&#8221;][\/et_pb_video][et_pb_text _builder_version=&#8221;4.16&#8243; _module_preset=&#8221;default&#8221; global_colors_info=&#8221;{}&#8221;]<\/p>\n<p><span style=\"color: #ffff00;\">Esta es la antena conectada al EndFed UNUN en un d\u00eda de mucho viento. La primera vez que experimente esta situaci\u00f3n me asuste pues pens\u00e9 que el cable se iba a partir. Como ven en el video compre algo que hace el alambre tenga la libertad de estirarse.<\/span><\/p>\n<p>[\/et_pb_text][\/et_pb_column][\/et_pb_row][et_pb_row _builder_version=&#8221;4.16&#8243; _module_preset=&#8221;default&#8221; global_colors_info=&#8221;{}&#8221;][et_pb_column type=&#8221;4_4&#8243; _builder_version=&#8221;4.16&#8243; _module_preset=&#8221;default&#8221; global_colors_info=&#8221;{}&#8221;][et_pb_video src=&#8221;https:\/\/youtu.be\/mqhzO-rxzio&#8221; _builder_version=&#8221;4.16&#8243; _module_preset=&#8221;default&#8221; border_width_all=&#8221;8px&#8221; border_color_all=&#8221;#0C71C3&#8243; global_colors_info=&#8221;{}&#8221;][\/et_pb_video][\/et_pb_column][\/et_pb_row][et_pb_row _builder_version=&#8221;4.16&#8243; _module_preset=&#8221;default&#8221; global_colors_info=&#8221;{}&#8221;][et_pb_column type=&#8221;4_4&#8243; _builder_version=&#8221;4.16&#8243; _module_preset=&#8221;default&#8221; global_colors_info=&#8221;{}&#8221;][et_pb_text _builder_version=&#8221;4.16&#8243; _module_preset=&#8221;default&#8221; global_colors_info=&#8221;{}&#8221;]<\/p>\n<p><span style=\"color: #ffff00;\">En este video pueden escuchar un QSO de mi Estaci\u00f3n en St Louis con WA2CID en Brandon Florida. El video fue tomado por KP4TR tambi\u00e9n en Tampa Florida. Las condiciones de trabajo fueron con el Icom 7300, la antenna End Fed 135 pies y 100 vatios de potencia. No se necesita mucho para disfrutar la Radio Afici\u00f3n.<\/span><\/p>\n<p>[\/et_pb_text][\/et_pb_column][\/et_pb_row][et_pb_row _builder_version=&#8221;4.16&#8243; _module_preset=&#8221;default&#8221; global_colors_info=&#8221;{}&#8221;][et_pb_column type=&#8221;4_4&#8243; _builder_version=&#8221;4.16&#8243; _module_preset=&#8221;default&#8221; global_colors_info=&#8221;{}&#8221;][et_pb_video src=&#8221;https:\/\/youtu.be\/XAxdXfFJ63U&#8221; _builder_version=&#8221;4.16&#8243; _module_preset=&#8221;default&#8221; border_width_all=&#8221;7px&#8221; border_color_all=&#8221;#0C71C3&#8243; global_colors_info=&#8221;{}&#8221;][\/et_pb_video][et_pb_text _builder_version=&#8221;4.16&#8243; _module_preset=&#8221;default&#8221; global_colors_info=&#8221;{}&#8221;]<\/p>\n<p><span style=\"color: #ffff00;\">Enviado por mi amigo Raphael N9TMP desde Indiana 7\/25\/2022. Esto es para que vean que no est\u00e1n solo en la frecuencia, siempre hay alguien escuchando. Lo que me gusta de este video es el audio del ICOM 7300 con el microphone Heil iCM BG. Utilizando el MercuryIIIS con 600 vatios. (\u00bfQue ustedes creen?)\u00a0<\/span><\/p>\n<p>[\/et_pb_text][et_pb_video src=&#8221;https:\/\/youtu.be\/6r2CJvx0_H4&#8243; _builder_version=&#8221;4.18.0&#8243; _module_preset=&#8221;default&#8221; border_color_all=&#8221;#0C71C3&#8243; border_width_all=&#8221;7px&#8221; hover_enabled=&#8221;0&#8243; sticky_enabled=&#8221;0&#8243;][\/et_pb_video][et_pb_text _builder_version=&#8221;4.18.0&#8243; _module_preset=&#8221;default&#8221; hover_enabled=&#8221;0&#8243; sticky_enabled=&#8221;0&#8243;]<\/p>\n<p style=\"text-align: center;\"><span style=\"color: #ffff00;\">No dejo de impresionarme con el comportamiento de mi estaci\u00f3n y mi antenna de alambre. Gracias a Ramon KP4TR y a Frank KP4IP por la grabaci\u00f3n.<\/span><\/p>\n<p>[\/et_pb_text][\/et_pb_column][\/et_pb_row][\/et_pb_section]<\/p>\n","protected":false},"excerpt":{"rendered":"<p>Quiero aclarar que estoy seguro que cuando ustedes escuchan mis comentarios aparentan de que empec\u00e9 en la radio hace una semana o dos :-). La realidad es que estoy en [&hellip;]<\/p>\n","protected":false},"author":2,"featured_media":0,"parent":0,"menu_order":0,"comment_status":"closed","ping_status":"closed","template":"","meta":{"_et_pb_use_builder":"on","_et_pb_old_content":"","_et_gb_content_width":"","ngg_post_thumbnail":0,"footnotes":""},"class_list":["post-149","page","type-page","status-publish","hentry"],"_links":{"self":[{"href":"https:\/\/chuoweb.com\/website\/wp-json\/wp\/v2\/pages\/149","targetHints":{"allow":["GET"]}}],"collection":[{"href":"https:\/\/chuoweb.com\/website\/wp-json\/wp\/v2\/pages"}],"about":[{"href":"https:\/\/chuoweb.com\/website\/wp-json\/wp\/v2\/types\/page"}],"author":[{"embeddable":true,"href":"https:\/\/chuoweb.com\/website\/wp-json\/wp\/v2\/users\/2"}],"replies":[{"embeddable":true,"href":"https:\/\/chuoweb.com\/website\/wp-json\/wp\/v2\/comments?post=149"}],"version-history":[{"count":19,"href":"https:\/\/chuoweb.com\/website\/wp-json\/wp\/v2\/pages\/149\/revisions"}],"predecessor-version":[{"id":852,"href":"https:\/\/chuoweb.com\/website\/wp-json\/wp\/v2\/pages\/149\/revisions\/852"}],"wp:attachment":[{"href":"https:\/\/chuoweb.com\/website\/wp-json\/wp\/v2\/media?parent=149"}],"curies":[{"name":"wp","href":"https:\/\/api.w.org\/{rel}","templated":true}]}}