{"id":440,"date":"2021-10-25T17:19:21","date_gmt":"2021-10-25T17:19:21","guid":{"rendered":"https:\/\/chuoweb.com\/website\/?page_id=440"},"modified":"2022-03-08T02:24:16","modified_gmt":"2022-03-08T02:24:16","slug":"kc9vkv-ham-radio-aircheck-10-15-21","status":"publish","type":"page","link":"https:\/\/chuoweb.com\/website\/kc9vkv-ham-radio-aircheck-10-15-21\/","title":{"rendered":"KC9VKV HAM RADIO AIRCHECK 10\/15\/21"},"content":{"rendered":"<p>[et_pb_section fb_built=&#8221;1&#8243; _builder_version=&#8221;4.11.2&#8243; _module_preset=&#8221;default&#8221; global_colors_info=&#8221;{}&#8221;][et_pb_row _builder_version=&#8221;4.11.2&#8243; _module_preset=&#8221;default&#8221; global_colors_info=&#8221;{}&#8221;][et_pb_column type=&#8221;4_4&#8243; _builder_version=&#8221;4.11.2&#8243; _module_preset=&#8221;default&#8221; global_colors_info=&#8221;{}&#8221;][et_pb_image src=&#8221;https:\/\/chuoweb.com\/website\/wp-content\/uploads\/2022\/01\/Icom_7300.gif&#8221; title_text=&#8221;Icom_7300&#8243; align=&#8221;center&#8221; _builder_version=&#8221;4.11.2&#8243; _module_preset=&#8221;default&#8221; custom_margin=&#8221;2px|||||&#8221; border_width_all=&#8221;10px&#8221; border_color_all=&#8221;#0c1dd6&#8243; global_colors_info=&#8221;{}&#8221;][\/et_pb_image][et_pb_text _builder_version=&#8221;4.14.7&#8243; _module_preset=&#8221;default&#8221; hover_enabled=&#8221;0&#8243; sticky_enabled=&#8221;0&#8243;]<\/p>\n<p style=\"text-align: center;\"><strong>The best youtube channel for \u00a0HAM RADIO, like and subscribe\u00a0click\u00a0the logo\u00a0 to\u00a0 see the channel page<\/strong><\/p>\n<p>[\/et_pb_text][et_pb_image src=&#8221;https:\/\/chuoweb.com\/website\/wp-content\/uploads\/2022\/03\/unnamed.jpg&#8221; _builder_version=&#8221;4.14.7&#8243; _module_preset=&#8221;default&#8221; hover_enabled=&#8221;0&#8243; sticky_enabled=&#8221;0&#8243; title_text=&#8221;unnamed&#8221; align=&#8221;center&#8221; width=&#8221;85%&#8221; max_width=&#8221;63%&#8221; url=&#8221;https:\/\/www.youtube.com\/channel\/UCR0eXRNuPdVuUYmb_bOg53w&#8221;][\/et_pb_image][et_pb_text _builder_version=&#8221;4.11.2&#8243; _module_preset=&#8221;default&#8221; global_colors_info=&#8221;{}&#8221;]<\/p>\n<p style=\"text-align: center;\"><strong>Esto son videos de programas en YouTube en la que pude participar con mi IC7300<\/strong><\/p>\n<p>[\/et_pb_text][\/et_pb_column][\/et_pb_row][et_pb_row column_structure=&#8221;1_2,1_2&#8243; _builder_version=&#8221;4.11.2&#8243; _module_preset=&#8221;default&#8221; animation_style=&#8221;flip&#8221; global_colors_info=&#8221;{}&#8221;][et_pb_column type=&#8221;1_2&#8243; _builder_version=&#8221;4.11.2&#8243; _module_preset=&#8221;default&#8221; global_colors_info=&#8221;{}&#8221;][et_pb_video src=&#8221;https:\/\/youtu.be\/HBPK00Rij4M?t=4907&#8243; src_webm=&#8221;https:\/\/youtu.be\/HBPK00Rij4M?t=9560&#8243; _builder_version=&#8221;4.11.2&#8243; _module_preset=&#8221;default&#8221; width=&#8221;100%&#8221; max_width=&#8221;100%&#8221; box_shadow_style=&#8221;preset1&#8243; box_shadow_horizontal=&#8221;4px&#8221; box_shadow_vertical=&#8221;1px&#8221; box_shadow_blur=&#8221;25px&#8221; box_shadow_spread=&#8221;10px&#8221; box_shadow_color=&#8221;#0d77db&#8221; global_colors_info=&#8221;{}&#8221;][\/et_pb_video][et_pb_text _builder_version=&#8221;4.11.2&#8243; _module_preset=&#8221;default&#8221; global_colors_info=&#8221;{}&#8221;]<\/p>\n<p><strong>One thing that I&#8217;m sure everybody agrees with me is that the videos on YouTube are fantastic. Going around the band the other day I ran into this gentleman giving fellow Ham audio reports, I was so impressed that I decided to give him a try. He announced that he was recording the QSO via youtube so you can listen to it yourself. The video will start at the beginning of our QSO ( 1:21:47). I recommend that you listen to the video in its entirety to appreciate more my QSO<\/strong>.1<strong>0\/15\/2021<\/strong><\/p>\n<p>[\/et_pb_text][\/et_pb_column][et_pb_column type=&#8221;1_2&#8243; _builder_version=&#8221;4.11.2&#8243; _module_preset=&#8221;default&#8221; global_colors_info=&#8221;{}&#8221;][et_pb_video src=&#8221;https:\/\/youtu.be\/HUqN3X8vG2w?t=3679&#8243; _builder_version=&#8221;4.11.2&#8243; _module_preset=&#8221;default&#8221; border_color_all=&#8221;#0dacd8&#8243; box_shadow_style=&#8221;preset1&#8243; box_shadow_horizontal=&#8221;4px&#8221; box_shadow_spread=&#8221;15px&#8221; box_shadow_color=&#8221;#3e98e8&#8243; global_colors_info=&#8221;{}&#8221;][\/et_pb_video][et_pb_text _builder_version=&#8221;4.11.2&#8243; _module_preset=&#8221;default&#8221; global_colors_info=&#8221;{}&#8221;]<\/p>\n<p><strong>Este QSO (en el video abajo) uno se puede dar cuenta que las condiciones en HF no son siempre ideales, pero eso es lo que hace el HF \u00fanico. Este es nuestro amigo Alex W7HU en su trasmisi\u00f3n en vivo en su canal de YouTube.12\/08\/2021<\/strong><\/p>\n<p>[\/et_pb_text][\/et_pb_column][\/et_pb_row][et_pb_row column_structure=&#8221;1_2,1_2&#8243; _builder_version=&#8221;4.11.2&#8243; _module_preset=&#8221;default&#8221; animation_style=&#8221;fold&#8221; global_colors_info=&#8221;{}&#8221;][et_pb_column type=&#8221;1_2&#8243; _builder_version=&#8221;4.11.2&#8243; _module_preset=&#8221;default&#8221; global_colors_info=&#8221;{}&#8221;][et_pb_video src=&#8221;https:\/\/youtu.be\/hldskfYdgUo?t=2945&#8243; _builder_version=&#8221;4.11.2&#8243; _module_preset=&#8221;default&#8221; box_shadow_style=&#8221;preset1&#8243; box_shadow_spread=&#8221;15px&#8221; box_shadow_color=&#8221;#0C71C3&#8243; global_colors_info=&#8221;{}&#8221;][\/et_pb_video][et_pb_text _builder_version=&#8221;4.11.2&#8243; _module_preset=&#8221;default&#8221; global_colors_info=&#8221;{}&#8221;]<\/p>\n<p><strong>Este contacto con Alex fue el 12\/17\/2021<\/strong><\/p>\n<p>[\/et_pb_text][\/et_pb_column][et_pb_column type=&#8221;1_2&#8243; _builder_version=&#8221;4.11.2&#8243; _module_preset=&#8221;default&#8221; global_colors_info=&#8221;{}&#8221;][et_pb_video src=&#8221;https:\/\/youtu.be\/NzSLzHVJJeA?t=3802&#8243; _builder_version=&#8221;4.11.2&#8243; _module_preset=&#8221;default&#8221; border_color_all=&#8221;#0C71C3&#8243; box_shadow_style=&#8221;preset1&#8243; box_shadow_horizontal=&#8221;1px&#8221; box_shadow_vertical=&#8221;-6px&#8221; box_shadow_blur=&#8221;23px&#8221; box_shadow_spread=&#8221;11px&#8221; box_shadow_color=&#8221;#0C71C3&#8243; global_colors_info=&#8221;{}&#8221;][\/et_pb_video][et_pb_text _builder_version=&#8221;4.11.2&#8243; _module_preset=&#8221;default&#8221; global_colors_info=&#8221;{}&#8221;]<\/p>\n<p><strong>Otro comunicado con las condiciones no muy buenas, pero pudimos completar un buen QSO y la an\u00e9cdota de un amigo (KB2OOJ Frank). Espero lo disfruten. 01\/10\/2022<\/strong><\/p>\n<p>[\/et_pb_text][\/et_pb_column][\/et_pb_row][et_pb_row column_structure=&#8221;1_2,1_2&#8243; _builder_version=&#8221;4.11.2&#8243; _module_preset=&#8221;default&#8221; animation_style=&#8221;slide&#8221; global_colors_info=&#8221;{}&#8221;][et_pb_column type=&#8221;1_2&#8243; _builder_version=&#8221;4.11.2&#8243; _module_preset=&#8221;default&#8221; global_colors_info=&#8221;{}&#8221;][et_pb_video src=&#8221;https:\/\/youtu.be\/U5NpDyEWCVA?t=4916&#8243; _builder_version=&#8221;4.11.2&#8243; _module_preset=&#8221;default&#8221; box_shadow_style=&#8221;preset1&#8243; box_shadow_spread=&#8221;13px&#8221; box_shadow_color=&#8221;#0C71C3&#8243; global_colors_info=&#8221;{}&#8221;][\/et_pb_video][et_pb_text _builder_version=&#8221;4.11.2&#8243; _module_preset=&#8221;default&#8221; global_colors_info=&#8221;{}&#8221;]<\/p>\n<p><strong>Las condiciones este d\u00eda no estaban muy buenas y espere hasta el \u00faltimo momento para saludarlo. Alex est\u00e1 trasmitiendo con 1 kilo y yo con 100 vatios, pero tube la suerte de que las condiciones mejoraron y termine el programa de ese d\u00eda Enero 24, 2022<\/strong><\/p>\n<p>[\/et_pb_text][\/et_pb_column][et_pb_column type=&#8221;1_2&#8243; _builder_version=&#8221;4.11.2&#8243; _module_preset=&#8221;default&#8221; global_colors_info=&#8221;{}&#8221;][et_pb_video src=&#8221;https:\/\/youtu.be\/tesQaBV-92Y&#8221; _builder_version=&#8221;4.14.7&#8243; _module_preset=&#8221;default&#8221; border_width_all=&#8221;2px&#8221; box_shadow_style=&#8221;preset1&#8243; box_shadow_spread=&#8221;11px&#8221; box_shadow_color=&#8221;#0C71C3&#8243; global_colors_info=&#8221;{}&#8221;][\/et_pb_video][et_pb_text _builder_version=&#8221;4.14.7&#8243; _module_preset=&#8221;default&#8221; global_colors_info=&#8221;{}&#8221;]<\/p>\n<p><strong>Despu\u00e9s de estar m\u00e1s de 5 d\u00edas sin hacer radio, pues est\u00e1bamos en el apartamento de mi hija menor ayud\u00e1ndola a entrenar su nueva perrita. El primer d\u00eda de regreso a mi casa tube la suerte de encontrar una estaci\u00f3n en 40 metros de South Africa y con tantos llam\u00e1ndolo no pens\u00e9 tener suerte. El con un Kilo y yo con 100 vatios pude hacer el contacto. Muy contento y arriba HF!.<\/strong> <strong>02\/06\/2022<\/strong><\/p>\n<p>[\/et_pb_text][\/et_pb_column][\/et_pb_row][\/et_pb_section]<\/p>\n","protected":false},"excerpt":{"rendered":"<p>The best youtube channel for \u00a0HAM RADIO, like and subscribe\u00a0click\u00a0the logo\u00a0 to\u00a0 see the channel pageEsto son videos de programas en YouTube en la que pude participar con mi IC7300One [&hellip;]<\/p>\n","protected":false},"author":2,"featured_media":0,"parent":0,"menu_order":0,"comment_status":"closed","ping_status":"closed","template":"","meta":{"_et_pb_use_builder":"on","_et_pb_old_content":"","_et_gb_content_width":"","ngg_post_thumbnail":0,"footnotes":""},"class_list":["post-440","page","type-page","status-publish","hentry"],"_links":{"self":[{"href":"https:\/\/chuoweb.com\/website\/wp-json\/wp\/v2\/pages\/440","targetHints":{"allow":["GET"]}}],"collection":[{"href":"https:\/\/chuoweb.com\/website\/wp-json\/wp\/v2\/pages"}],"about":[{"href":"https:\/\/chuoweb.com\/website\/wp-json\/wp\/v2\/types\/page"}],"author":[{"embeddable":true,"href":"https:\/\/chuoweb.com\/website\/wp-json\/wp\/v2\/users\/2"}],"replies":[{"embeddable":true,"href":"https:\/\/chuoweb.com\/website\/wp-json\/wp\/v2\/comments?post=440"}],"version-history":[{"count":26,"href":"https:\/\/chuoweb.com\/website\/wp-json\/wp\/v2\/pages\/440\/revisions"}],"predecessor-version":[{"id":643,"href":"https:\/\/chuoweb.com\/website\/wp-json\/wp\/v2\/pages\/440\/revisions\/643"}],"wp:attachment":[{"href":"https:\/\/chuoweb.com\/website\/wp-json\/wp\/v2\/media?parent=440"}],"curies":[{"name":"wp","href":"https:\/\/api.w.org\/{rel}","templated":true}]}}