{"id":699,"date":"2022-05-11T17:50:13","date_gmt":"2022-05-11T17:50:13","guid":{"rendered":"https:\/\/chuoweb.com\/website\/?page_id=699"},"modified":"2022-08-15T21:14:21","modified_gmt":"2022-08-15T21:14:21","slug":"proyecto-kp4eop-mercury-iiis","status":"publish","type":"page","link":"https:\/\/chuoweb.com\/website\/proyecto-kp4eop-mercury-iiis\/","title":{"rendered":"KP4EOP Mercury IIIS"},"content":{"rendered":"<p>[et_pb_section fb_built=&#8221;1&#8243; _builder_version=&#8221;4.14.7&#8243; _module_preset=&#8221;default&#8221; global_colors_info=&#8221;{}&#8221;][et_pb_row _builder_version=&#8221;4.14.7&#8243; _module_preset=&#8221;default&#8221; width=&#8221;94%&#8221; max_width=&#8221;1044px&#8221; module_alignment=&#8221;center&#8221; min_height=&#8221;1000px&#8221; height=&#8221;1000px&#8221; custom_margin=&#8221;|1px||100px|false|false&#8221; global_colors_info=&#8221;{}&#8221;][et_pb_column type=&#8221;4_4&#8243; _builder_version=&#8221;4.14.7&#8243; _module_preset=&#8221;default&#8221; global_colors_info=&#8221;{}&#8221;][et_pb_gallery gallery_ids=&#8221;694,647,648,649,650,651,652,653,654,655,656,657,658,660,661,659,662,663,665,666,667,668,669,670,671,672,673,674,676,675,677,678,679,680,681,682,683,684,685,829&#8243; posts_number=&#8221;12&#8243; hover_overlay_color=&#8221;rgba(0,0,0,0.18)&#8221; hover_icon=&#8221;&#x54;||divi||400&#8243; _builder_version=&#8221;4.14.7&#8243; _module_preset=&#8221;default&#8221; text_orientation=&#8221;center&#8221; min_height=&#8221;457px&#8221; custom_padding=&#8221;||112px|||&#8221; hover_enabled=&#8221;0&#8243; border_width_all_image=&#8221;5px&#8221; border_color_all_image=&#8221;rgba(94,127,132,0.76)&#8221; global_colors_info=&#8221;{}&#8221; sticky_enabled=&#8221;0&#8243;][\/et_pb_gallery][\/et_pb_column][\/et_pb_row][et_pb_row _builder_version=&#8221;4.14.7&#8243; _module_preset=&#8221;default&#8221; global_colors_info=&#8221;{}&#8221;][et_pb_column type=&#8221;4_4&#8243; _builder_version=&#8221;4.14.7&#8243; _module_preset=&#8221;default&#8221; global_colors_info=&#8221;{}&#8221;][et_pb_text _builder_version=&#8221;4.14.7&#8243; _module_preset=&#8221;default&#8221; global_colors_info=&#8221;{}&#8221;]<\/p>\n<p><b>Abajo el primer contacto usando el Mercury con mi amigo Alex W7HU cerca de Miami Florida. Y el segundo video fue al d\u00eda siguiente enviado por Guillermo KO4ZDP que me estaba monitoreando el QSO y se tom\u00f3 el tiempo de preparar el video en Mayo 11 2022, dos d\u00edas de estar usando el lineal. Guillermo se encuentra en Kissimmee Florida.<\/b><\/p>\n<p>[\/et_pb_text][\/et_pb_column][\/et_pb_row][\/et_pb_section][et_pb_section fb_built=&#8221;1&#8243; _builder_version=&#8221;4.14.7&#8243; _module_preset=&#8221;default&#8221; custom_padding=&#8221;0px|||||&#8221; global_colors_info=&#8221;{}&#8221;][et_pb_row column_structure=&#8221;1_2,1_2&#8243; _builder_version=&#8221;4.14.7&#8243; _module_preset=&#8221;default&#8221; global_colors_info=&#8221;{}&#8221;][et_pb_column type=&#8221;1_2&#8243; _builder_version=&#8221;4.14.7&#8243; _module_preset=&#8221;default&#8221; global_colors_info=&#8221;{}&#8221;][et_pb_video src=&#8221;https:\/\/youtu.be\/VB3WQ3vGAM4?t=1140&#8243; _builder_version=&#8221;4.14.7&#8243; _module_preset=&#8221;default&#8221; border_width_all=&#8221;8px&#8221; border_color_all=&#8221;#EDF000&#8243; global_colors_info=&#8221;{}&#8221;][\/et_pb_video][\/et_pb_column][et_pb_column type=&#8221;1_2&#8243; _builder_version=&#8221;4.14.7&#8243; _module_preset=&#8221;default&#8221; global_colors_info=&#8221;{}&#8221;][et_pb_video src=&#8221;https:\/\/youtu.be\/uQY5bReyUaI&#8221; _builder_version=&#8221;4.14.7&#8243; _module_preset=&#8221;default&#8221; border_width_all=&#8221;8px&#8221; border_color_all=&#8221;#EDF000&#8243; global_colors_info=&#8221;{}&#8221;][\/et_pb_video][\/et_pb_column][\/et_pb_row][\/et_pb_section]<\/p>\n","protected":false},"excerpt":{"rendered":"<p>Abajo el primer contacto usando el Mercury con mi amigo Alex W7HU cerca de Miami Florida. Y el segundo video fue al d\u00eda siguiente enviado por Guillermo KO4ZDP que me [&hellip;]<\/p>\n","protected":false},"author":2,"featured_media":0,"parent":0,"menu_order":0,"comment_status":"closed","ping_status":"closed","template":"","meta":{"_et_pb_use_builder":"on","_et_pb_old_content":"","_et_gb_content_width":"","ngg_post_thumbnail":0,"footnotes":""},"class_list":["post-699","page","type-page","status-publish","hentry"],"_links":{"self":[{"href":"https:\/\/chuoweb.com\/website\/wp-json\/wp\/v2\/pages\/699","targetHints":{"allow":["GET"]}}],"collection":[{"href":"https:\/\/chuoweb.com\/website\/wp-json\/wp\/v2\/pages"}],"about":[{"href":"https:\/\/chuoweb.com\/website\/wp-json\/wp\/v2\/types\/page"}],"author":[{"embeddable":true,"href":"https:\/\/chuoweb.com\/website\/wp-json\/wp\/v2\/users\/2"}],"replies":[{"embeddable":true,"href":"https:\/\/chuoweb.com\/website\/wp-json\/wp\/v2\/comments?post=699"}],"version-history":[{"count":20,"href":"https:\/\/chuoweb.com\/website\/wp-json\/wp\/v2\/pages\/699\/revisions"}],"predecessor-version":[{"id":832,"href":"https:\/\/chuoweb.com\/website\/wp-json\/wp\/v2\/pages\/699\/revisions\/832"}],"wp:attachment":[{"href":"https:\/\/chuoweb.com\/website\/wp-json\/wp\/v2\/media?parent=699"}],"curies":[{"name":"wp","href":"https:\/\/api.w.org\/{rel}","templated":true}]}}